{"id":30,"date":"2024-03-23T13:12:55","date_gmt":"2024-03-23T13:12:55","guid":{"rendered":"http:\/\/localhost\/wordpress\/?page_id=30"},"modified":"2024-08-28T11:25:32","modified_gmt":"2024-08-28T11:25:32","slug":"csapatunk","status":"publish","type":"page","link":"https:\/\/ptemikhok.hu\/?page_id=30","title":{"rendered":"Csapatunk"},"content":{"rendered":"<!-- wp:themify-builder\/canvas \/-->","protected":false},"excerpt":{"rendered":"","protected":false},"author":1,"featured_media":0,"parent":0,"menu_order":0,"comment_status":"closed","ping_status":"closed","template":"","meta":{"footnotes":""},"builder_content":"<h1 style=\"text-align: left;\">A csapatunk:<\/h1>\n<img src=\"https:\/\/ptemikhok.hu\/wp-content\/uploads\/2024\/03\/Kovacs-Norbert-Hunor.jpg\" width=\"259\" height=\"345\" title=\"Kov\u00e1cs Norbert Hunor\" alt=\"Kov\u00e1cs Norbert MIK H\u00d6K Eln\u00f6k\"> Kov\u00e1cs Norbert <br> MIK H\u00d6K Eln\u00f6k\n<img src=\"https:\/\/ptemikhok.hu\/wp-content\/uploads\/2024\/03\/Szeledi-Akos.jpg\" width=\"259\" height=\"345\" title=\"Szeledi \u00c1kos\" alt=\"Szeledi \u00c1kos\"> Szeledi \u00c1kos\n<img src=\"https:\/\/ptemikhok.hu\/wp-content\/uploads\/2024\/03\/Tauser-Gerda.jpg\" width=\"259\" height=\"345\" title=\"Tauser Gerda\" alt=\"Tauser Gerda\"> Tauser Gerda\n<img src=\"https:\/\/ptemikhok.hu\/wp-content\/uploads\/2024\/03\/masodlagosVitez-Barbara.jpg\" width=\"259\" height=\"345\" title=\"(m\u00e1sodlagos)Vit\u00e9z Barbara\" alt=\"Vit\u00e9z Barbara\"> Vit\u00e9z Barbara\n<img src=\"https:\/\/ptemikhok.hu\/wp-content\/uploads\/2024\/03\/Reinhardt-Krisztofer.jpg\" width=\"259\" height=\"345\" title=\"Reinhardt Krisztofer\" alt=\"Reinhardt Krisztofer\"> Reinhardt Krisztofer\n<img src=\"https:\/\/ptemikhok.hu\/wp-content\/uploads\/2024\/03\/Hamberger-Mate.jpg\" width=\"259\" height=\"345\" title=\"Hamberger M\u00e1t\u00e9\" alt=\"Hamberger M\u00e1t\u00e9\"> Hamberger M\u00e1t\u00e9\n<img src=\"https:\/\/ptemikhok.hu\/wp-content\/uploads\/2024\/03\/Horvath-Adam.jpg\" width=\"259\" height=\"345\" title=\"Horv\u00e1th \u00c1d\u00e1m\" alt=\"Horv\u00e1th \u00c1d\u00e1m\"> Horv\u00e1th \u00c1d\u00e1m\n<img src=\"https:\/\/ptemikhok.hu\/wp-content\/uploads\/2024\/03\/Vitez-Barbara.jpg\" width=\"259\" height=\"345\" title=\"Vit\u00e9z Barbara\" alt=\"Vit\u00e9z Barbara\"> Vit\u00e9z Barbara\n<img src=\"https:\/\/ptemikhok.hu\/wp-content\/uploads\/2024\/03\/Torma-Viktoria.jpg\" width=\"259\" height=\"345\" title=\"Torma Vikt\u00f3ria\" alt=\"Torma Vikt\u00f3ria\"> Torma Vikt\u00f3ria\n<img src=\"https:\/\/ptemikhok.hu\/wp-content\/uploads\/2024\/03\/Mozes-Eniko.jpg\" width=\"259\" height=\"345\" title=\"M\u00f3zes Enik\u0151\" alt=\"M\u00f3zes Enik\u0151\"> M\u00f3zes Enik\u0151\n<img src=\"https:\/\/ptemikhok.hu\/wp-content\/uploads\/2024\/03\/Szabo-Dorottya.jpg\" width=\"259\" height=\"345\" title=\"Szab\u00f3 Dorottya\" alt=\"Szab\u00f3 Dorottya\"> Szab\u00f3 Dorottya\n<img src=\"https:\/\/ptemikhok.hu\/wp-content\/uploads\/2024\/03\/Vizkeleti-Panna.jpg\" width=\"259\" height=\"345\" title=\"V\u00edzkeleti Panna\" alt=\"Vizkeleti Panna\"> Vizkeleti Panna\n<img src=\"https:\/\/ptemikhok.hu\/wp-content\/uploads\/2024\/03\/Orosz-Mate.jpg\" width=\"259\" height=\"345\" title=\"Orosz M\u00e1t\u00e9\" alt=\"Orosz M\u00e1t\u00e9\"> Orosz M\u00e1t\u00e9\n<img src=\"https:\/\/ptemikhok.hu\/wp-content\/uploads\/2024\/03\/Molnar-Ingrid.jpg\" width=\"259\" height=\"345\" title=\"Moln\u00e1r Ingrid\" alt=\"Moln\u00e1r Ingrid\"> Moln\u00e1r Ingrid\n<img src=\"https:\/\/ptemikhok.hu\/wp-content\/uploads\/2024\/03\/Zakar-Gscheidt-Zsanett.jpg\" width=\"259\" height=\"345\" title=\"Zakar-Gscheidt Zsanett\" alt=\"Zakar-Gscheidt Zsanett\"> Zakar-Gscheidt Zsanett\n<img src=\"https:\/\/ptemikhok.hu\/wp-content\/uploads\/2024\/03\/Nagy-Kornelia.jpg\" width=\"259\" height=\"345\" title=\"Nagy Korn\u00e9lia\" alt=\"Nagy Korn\u00e9lia\"> Nagy Korn\u00e9lia\n<img src=\"https:\/\/ptemikhok.hu\/wp-content\/uploads\/2024\/03\/Dudas-Norbert.jpg\" width=\"259\" height=\"345\" title=\"Dud\u00e1s Norbert\" alt=\"Dud\u00e1s Norbert\"> Dud\u00e1s Norbert\n<img src=\"https:\/\/ptemikhok.hu\/wp-content\/uploads\/2024\/03\/Kohegyi-Nikolett.jpg\" width=\"259\" height=\"345\" title=\"K\u0151hegyi Nikolett\" alt=\"K\u0151hegyi Nikolett\"> K\u0151hegyi Nikolett\n<img src=\"https:\/\/ptemikhok.hu\/wp-content\/uploads\/2024\/03\/Berner-Eniko.jpg\" width=\"259\" height=\"345\" title=\"Berner Enik\u0151\" alt=\"Berner Enik\u0151\"> Berner Enik\u0151\n<img src=\"https:\/\/ptemikhok.hu\/wp-content\/uploads\/2024\/03\/Bucsai-Anna.jpg\" width=\"259\" height=\"345\" title=\"Bucsai Anna\" alt=\"Bucsai Anna\"> Bucsai Anna\n<img src=\"https:\/\/ptemikhok.hu\/wp-content\/uploads\/2024\/03\/Kristof-Mate.jpg\" width=\"259\" height=\"345\" title=\"Krist\u00f3f M\u00e1t\u00e9\" alt=\"Krist\u00f3f M\u00e1t\u00e9\"> Krist\u00f3f M\u00e1t\u00e9\n<img src=\"https:\/\/ptemikhok.hu\/wp-content\/uploads\/2024\/03\/Maraczi-Andras-Tibor.jpg\" width=\"259\" height=\"345\" title=\"Mar\u00e1czi Andr\u00e1s Tibor\" alt=\"Mar\u00e1czi Andr\u00e1s\"> Mar\u00e1czi Andr\u00e1s","_links":{"self":[{"href":"https:\/\/ptemikhok.hu\/index.php?rest_route=\/wp\/v2\/pages\/30"}],"collection":[{"href":"https:\/\/ptemikhok.hu\/index.php?rest_route=\/wp\/v2\/pages"}],"about":[{"href":"https:\/\/ptemikhok.hu\/index.php?rest_route=\/wp\/v2\/types\/page"}],"author":[{"embeddable":true,"href":"https:\/\/ptemikhok.hu\/index.php?rest_route=\/wp\/v2\/users\/1"}],"replies":[{"embeddable":true,"href":"https:\/\/ptemikhok.hu\/index.php?rest_route=%2Fwp%2Fv2%2Fcomments&post=30"}],"version-history":[{"count":63,"href":"https:\/\/ptemikhok.hu\/index.php?rest_route=\/wp\/v2\/pages\/30\/revisions"}],"predecessor-version":[{"id":397,"href":"https:\/\/ptemikhok.hu\/index.php?rest_route=\/wp\/v2\/pages\/30\/revisions\/397"}],"wp:attachment":[{"href":"https:\/\/ptemikhok.hu\/index.php?rest_route=%2Fwp%2Fv2%2Fmedia&parent=30"}],"curies":[{"name":"wp","href":"https:\/\/api.w.org\/{rel}","templated":true}]}}